{"id":82,"date":"2019-11-21T15:25:15","date_gmt":"2019-11-21T15:25:15","guid":{"rendered":"https:\/\/instantpoetry.de\/?page_id=82"},"modified":"2020-05-16T15:28:01","modified_gmt":"2020-05-16T15:28:01","slug":"der-kopf-hinter-der-maschine","status":"publish","type":"page","link":"https:\/\/instantpoetry.de\/index.php\/der-kopf-hinter-der-maschine\/","title":{"rendered":"Der Kopf hinter der Maschine"},"content":{"rendered":"\n<p>Im zarten Alter von drei Jahren begann Jil Blumes Vater, sie unter Druck zu setzen. W\u00fcnsche und Bitten wurden nicht mehr von Kulleraugen und Schmolllippen abgelesen, sondern nur artikuliert vernommen &#8211; und zwar gereimt. Wollte sie eine Gute-Nacht-Geschichte h\u00f6ren, musste sie dem Vater in Reimform antworten. Sagte er: \u201cJilly geht jetzt bald ins Bett\u201d, erwiderte sie etwa \u201cGeschichten h\u00f6ren w\u00e4r noch nett\u201d.\u00a0\u00a0<br><\/p>\n\n\n\n<p>Einige Jahre Drill sp\u00e4ter haben die gedichteten Gedanken der Autorin die gute Kinderstube hinter sich gelassen und die Schmuddelecke f\u00fcr sich entdeckt. Die Gedichte unter dem Titel \u201cInstant Poetry\u201d sind sich f\u00fcr nichts zu schade und erquicken mit Vorliebe arglose J\u00fcnglinge auf Datingplattformen. Die Zauberformel hei\u00dft: \u201cGib mir drei W\u00f6rter und ich geb Dir ein Gedicht!\u201d <\/p>\n","protected":false},"excerpt":{"rendered":"<p>Im zarten Alter von drei Jahren begann Jil Blumes Vater, sie unter Druck zu setzen. W\u00fcnsche und Bitten wurden nicht mehr von Kulleraugen und Schmolllippen [&hellip;]<\/p>\n","protected":false},"author":1,"featured_media":0,"parent":0,"menu_order":0,"comment_status":"closed","ping_status":"closed","template":"","meta":{"footnotes":""},"class_list":["post-82","page","type-page","status-publish","hentry"],"yoast_head":"<!-- This site is optimized with the Yoast SEO plugin v27.5 - https:\/\/yoast.com\/product\/yoast-seo-wordpress\/ -->\n<title>Der Kopf hinter der Maschine - Instant Poetry<\/title>\n<meta name=\"robots\" content=\"index, follow, max-snippet:-1, max-image-preview:large, max-video-preview:-1\" \/>\n<link rel=\"canonical\" href=\"https:\/\/instantpoetry.de\/index.php\/der-kopf-hinter-der-maschine\/\" \/>\n<meta property=\"og:locale\" content=\"de_DE\" \/>\n<meta property=\"og:type\" content=\"article\" \/>\n<meta property=\"og:title\" content=\"Der Kopf hinter der Maschine - Instant Poetry\" \/>\n<meta property=\"og:description\" content=\"Im zarten Alter von drei Jahren begann Jil Blumes Vater, sie unter Druck zu setzen. W\u00fcnsche und Bitten wurden nicht mehr von Kulleraugen und Schmolllippen [&hellip;]\" \/>\n<meta property=\"og:url\" content=\"https:\/\/instantpoetry.de\/index.php\/der-kopf-hinter-der-maschine\/\" \/>\n<meta property=\"og:site_name\" content=\"Instant Poetry\" \/>\n<meta property=\"article:modified_time\" content=\"2020-05-16T15:28:01+00:00\" \/>\n<meta name=\"twitter:card\" content=\"summary_large_image\" \/>\n<meta name=\"twitter:label1\" content=\"Gesch\u00e4tzte Lesezeit\" \/>\n\t<meta name=\"twitter:data1\" content=\"1\u00a0Minute\" \/>\n<script type=\"application\/ld+json\" class=\"yoast-schema-graph\">{\"@context\":\"https:\\\/\\\/schema.org\",\"@graph\":[{\"@type\":\"WebPage\",\"@id\":\"https:\\\/\\\/instantpoetry.de\\\/index.php\\\/der-kopf-hinter-der-maschine\\\/\",\"url\":\"https:\\\/\\\/instantpoetry.de\\\/index.php\\\/der-kopf-hinter-der-maschine\\\/\",\"name\":\"Der Kopf hinter der Maschine - Instant Poetry\",\"isPartOf\":{\"@id\":\"https:\\\/\\\/instantpoetry.de\\\/#website\"},\"datePublished\":\"2019-11-21T15:25:15+00:00\",\"dateModified\":\"2020-05-16T15:28:01+00:00\",\"breadcrumb\":{\"@id\":\"https:\\\/\\\/instantpoetry.de\\\/index.php\\\/der-kopf-hinter-der-maschine\\\/#breadcrumb\"},\"inLanguage\":\"de\",\"potentialAction\":[{\"@type\":\"ReadAction\",\"target\":[\"https:\\\/\\\/instantpoetry.de\\\/index.php\\\/der-kopf-hinter-der-maschine\\\/\"]}]},{\"@type\":\"BreadcrumbList\",\"@id\":\"https:\\\/\\\/instantpoetry.de\\\/index.php\\\/der-kopf-hinter-der-maschine\\\/#breadcrumb\",\"itemListElement\":[{\"@type\":\"ListItem\",\"position\":1,\"name\":\"Home\",\"item\":\"https:\\\/\\\/instantpoetry.de\\\/\"},{\"@type\":\"ListItem\",\"position\":2,\"name\":\"Der Kopf hinter der Maschine\"}]},{\"@type\":\"WebSite\",\"@id\":\"https:\\\/\\\/instantpoetry.de\\\/#website\",\"url\":\"https:\\\/\\\/instantpoetry.de\\\/\",\"name\":\"Instant Poetry\",\"description\":\"Gedichte auf Knopfdruck.\",\"potentialAction\":[{\"@type\":\"SearchAction\",\"target\":{\"@type\":\"EntryPoint\",\"urlTemplate\":\"https:\\\/\\\/instantpoetry.de\\\/?s={search_term_string}\"},\"query-input\":{\"@type\":\"PropertyValueSpecification\",\"valueRequired\":true,\"valueName\":\"search_term_string\"}}],\"inLanguage\":\"de\"}]}<\/script>\n<!-- \/ Yoast SEO plugin. -->","yoast_head_json":{"title":"Der Kopf hinter der Maschine - Instant Poetry","robots":{"index":"index","follow":"follow","max-snippet":"max-snippet:-1","max-image-preview":"max-image-preview:large","max-video-preview":"max-video-preview:-1"},"canonical":"https:\/\/instantpoetry.de\/index.php\/der-kopf-hinter-der-maschine\/","og_locale":"de_DE","og_type":"article","og_title":"Der Kopf hinter der Maschine - Instant Poetry","og_description":"Im zarten Alter von drei Jahren begann Jil Blumes Vater, sie unter Druck zu setzen. W\u00fcnsche und Bitten wurden nicht mehr von Kulleraugen und Schmolllippen [&hellip;]","og_url":"https:\/\/instantpoetry.de\/index.php\/der-kopf-hinter-der-maschine\/","og_site_name":"Instant Poetry","article_modified_time":"2020-05-16T15:28:01+00:00","twitter_card":"summary_large_image","twitter_misc":{"Gesch\u00e4tzte Lesezeit":"1\u00a0Minute"},"schema":{"@context":"https:\/\/schema.org","@graph":[{"@type":"WebPage","@id":"https:\/\/instantpoetry.de\/index.php\/der-kopf-hinter-der-maschine\/","url":"https:\/\/instantpoetry.de\/index.php\/der-kopf-hinter-der-maschine\/","name":"Der Kopf hinter der Maschine - Instant Poetry","isPartOf":{"@id":"https:\/\/instantpoetry.de\/#website"},"datePublished":"2019-11-21T15:25:15+00:00","dateModified":"2020-05-16T15:28:01+00:00","breadcrumb":{"@id":"https:\/\/instantpoetry.de\/index.php\/der-kopf-hinter-der-maschine\/#breadcrumb"},"inLanguage":"de","potentialAction":[{"@type":"ReadAction","target":["https:\/\/instantpoetry.de\/index.php\/der-kopf-hinter-der-maschine\/"]}]},{"@type":"BreadcrumbList","@id":"https:\/\/instantpoetry.de\/index.php\/der-kopf-hinter-der-maschine\/#breadcrumb","itemListElement":[{"@type":"ListItem","position":1,"name":"Home","item":"https:\/\/instantpoetry.de\/"},{"@type":"ListItem","position":2,"name":"Der Kopf hinter der Maschine"}]},{"@type":"WebSite","@id":"https:\/\/instantpoetry.de\/#website","url":"https:\/\/instantpoetry.de\/","name":"Instant Poetry","description":"Gedichte auf Knopfdruck.","potentialAction":[{"@type":"SearchAction","target":{"@type":"EntryPoint","urlTemplate":"https:\/\/instantpoetry.de\/?s={search_term_string}"},"query-input":{"@type":"PropertyValueSpecification","valueRequired":true,"valueName":"search_term_string"}}],"inLanguage":"de"}]}},"jetpack_sharing_enabled":true,"_links":{"self":[{"href":"https:\/\/instantpoetry.de\/index.php\/wp-json\/wp\/v2\/pages\/82","targetHints":{"allow":["GET"]}}],"collection":[{"href":"https:\/\/instantpoetry.de\/index.php\/wp-json\/wp\/v2\/pages"}],"about":[{"href":"https:\/\/instantpoetry.de\/index.php\/wp-json\/wp\/v2\/types\/page"}],"author":[{"embeddable":true,"href":"https:\/\/instantpoetry.de\/index.php\/wp-json\/wp\/v2\/users\/1"}],"replies":[{"embeddable":true,"href":"https:\/\/instantpoetry.de\/index.php\/wp-json\/wp\/v2\/comments?post=82"}],"version-history":[{"count":4,"href":"https:\/\/instantpoetry.de\/index.php\/wp-json\/wp\/v2\/pages\/82\/revisions"}],"predecessor-version":[{"id":133,"href":"https:\/\/instantpoetry.de\/index.php\/wp-json\/wp\/v2\/pages\/82\/revisions\/133"}],"wp:attachment":[{"href":"https:\/\/instantpoetry.de\/index.php\/wp-json\/wp\/v2\/media?parent=82"}],"curies":[{"name":"wp","href":"https:\/\/api.w.org\/{rel}","templated":true}]}}