{"id":106,"date":"2020-05-16T14:25:50","date_gmt":"2020-05-16T14:25:50","guid":{"rendered":"https:\/\/instantpoetry.de\/?page_id=106"},"modified":"2021-04-30T13:11:04","modified_gmt":"2021-04-30T13:11:04","slug":"gib-mir-drei-woerter-und-ich-geb-dir-ein-gedicht","status":"publish","type":"page","link":"https:\/\/instantpoetry.de\/","title":{"rendered":"Gib mir drei W\u00f6rter und ich geb Dir ein Gedicht!"},"content":{"rendered":"\n\t<p>Instant Poetry &#8211; Gedichte auf Knopfdruck&#8220; &#8211; unter diesem Titel schreibt die K\u00f6lnerin Jil Blume fremden Menschen Gedichte. Dabei entstehen besonders auf ihrer Lieblingsgedichteplattform Tinder wundervolle &#8222;Dialoge&#8220;.<\/p>\n<p>Es gibt nur eine Regel: Drei W\u00f6rter werden auf magische Weise zu einem Gedicht&#8230;<\/p>\n\t\t\t\t<img loading=\"lazy\" decoding=\"async\" src=\"https:\/\/instantpoetry.de\/wp-content\/uploads\/2020\/05\/Hinterseite.jpg\" alt=\"Hinterseite\" itemprop=\"image\" height=\"2518\" width=\"1786\" title=\"Hinterseite\" onerror=\"this.style.display='none'\"  \/>\n\t<p>Mit den Gedichten, die auf Dating-Plattformen, an U-Bahnh\u00f6fen, in Hotels, Z\u00fcgen oder Parks entstehen, ist Instant Poetry auch auf B\u00fchnen zu sehen.<\/p>\n\t<iframe loading=\"lazy\" title=\"&quot;Wollen wir ficken?&quot; \u00dcberraschende Reaktion auf Tinder\" width=\"525\" height=\"394\" src=\"https:\/\/www.youtube.com\/embed\/NC7JIbrQsDI?feature=oembed\" frameborder=\"0\" allow=\"accelerometer; autoplay; encrypted-media; gyroscope; picture-in-picture\" allowfullscreen><\/iframe>\n\t<iframe loading=\"lazy\" width=\"560\" height=\"315\" src=\"https:\/\/www.youtube.com\/embed\/LbAmzYJK4bc\" frameborder=\"0\" allow=\"accelerometer; autoplay; encrypted-media; gyroscope; picture-in-picture\" allowfullscreen><\/iframe>\n\t<p>Wann Instant Poetry das n\u00e4chste Mal auf einer B\u00fchne zu sehen ist, gibt&#8217;s hier: <a href=\"https:\/\/instantpoetry.de\/index.php\/termine\/\" target=\"_blank\" rel=\"noreferrer noopener\">Termine<\/a><\/p>\n","protected":false},"excerpt":{"rendered":"<p>Instant Poetry &#8211; Gedichte auf Knopfdruck&#8220; &#8211; unter diesem Titel schreibt die K\u00f6lnerin Jil Blume fremden Menschen Gedichte. Dabei entstehen besonders auf ihrer Lieblingsgedichteplattform Tinder [&hellip;]<\/p>\n","protected":false},"author":1,"featured_media":0,"parent":0,"menu_order":0,"comment_status":"closed","ping_status":"closed","template":"","meta":{"footnotes":""},"class_list":["post-106","page","type-page","status-publish","hentry"],"yoast_head":"<!-- This site is optimized with the Yoast SEO plugin v27.5 - https:\/\/yoast.com\/product\/yoast-seo-wordpress\/ -->\n<title>Gib mir drei W\u00f6rter und ich geb Dir ein Gedicht! - Instant Poetry<\/title>\n<meta name=\"robots\" content=\"index, follow, max-snippet:-1, max-image-preview:large, max-video-preview:-1\" \/>\n<link rel=\"canonical\" href=\"https:\/\/instantpoetry.de\/\" \/>\n<meta property=\"og:locale\" content=\"de_DE\" \/>\n<meta property=\"og:type\" content=\"article\" \/>\n<meta property=\"og:title\" content=\"Gib mir drei W\u00f6rter und ich geb Dir ein Gedicht! - Instant Poetry\" \/>\n<meta property=\"og:description\" content=\"Instant Poetry &#8211; Gedichte auf Knopfdruck&#8220; &#8211; unter diesem Titel schreibt die K\u00f6lnerin Jil Blume fremden Menschen Gedichte. Dabei entstehen besonders auf ihrer Lieblingsgedichteplattform Tinder [&hellip;]\" \/>\n<meta property=\"og:url\" content=\"https:\/\/instantpoetry.de\/\" \/>\n<meta property=\"og:site_name\" content=\"Instant Poetry\" \/>\n<meta property=\"article:modified_time\" content=\"2021-04-30T13:11:04+00:00\" \/>\n<meta property=\"og:image\" content=\"https:\/\/instantpoetry.de\/wp-content\/uploads\/2020\/05\/Hinterseite.jpg\" \/>\n<meta name=\"twitter:card\" content=\"summary_large_image\" \/>\n<script type=\"application\/ld+json\" class=\"yoast-schema-graph\">{\"@context\":\"https:\\\/\\\/schema.org\",\"@graph\":[{\"@type\":\"WebPage\",\"@id\":\"https:\\\/\\\/instantpoetry.de\\\/\",\"url\":\"https:\\\/\\\/instantpoetry.de\\\/\",\"name\":\"Gib mir drei W\u00f6rter und ich geb Dir ein Gedicht! - Instant Poetry\",\"isPartOf\":{\"@id\":\"https:\\\/\\\/instantpoetry.de\\\/#website\"},\"primaryImageOfPage\":{\"@id\":\"https:\\\/\\\/instantpoetry.de\\\/#primaryimage\"},\"image\":{\"@id\":\"https:\\\/\\\/instantpoetry.de\\\/#primaryimage\"},\"thumbnailUrl\":\"https:\\\/\\\/instantpoetry.de\\\/wp-content\\\/uploads\\\/2020\\\/05\\\/Hinterseite.jpg\",\"datePublished\":\"2020-05-16T14:25:50+00:00\",\"dateModified\":\"2021-04-30T13:11:04+00:00\",\"breadcrumb\":{\"@id\":\"https:\\\/\\\/instantpoetry.de\\\/#breadcrumb\"},\"inLanguage\":\"de\",\"potentialAction\":[{\"@type\":\"ReadAction\",\"target\":[\"https:\\\/\\\/instantpoetry.de\\\/\"]}]},{\"@type\":\"ImageObject\",\"inLanguage\":\"de\",\"@id\":\"https:\\\/\\\/instantpoetry.de\\\/#primaryimage\",\"url\":\"https:\\\/\\\/instantpoetry.de\\\/wp-content\\\/uploads\\\/2020\\\/05\\\/Hinterseite.jpg\",\"contentUrl\":\"https:\\\/\\\/instantpoetry.de\\\/wp-content\\\/uploads\\\/2020\\\/05\\\/Hinterseite.jpg\",\"width\":1786,\"height\":2518},{\"@type\":\"BreadcrumbList\",\"@id\":\"https:\\\/\\\/instantpoetry.de\\\/#breadcrumb\",\"itemListElement\":[{\"@type\":\"ListItem\",\"position\":1,\"name\":\"Home\",\"item\":\"https:\\\/\\\/instantpoetry.de\\\/\"},{\"@type\":\"ListItem\",\"position\":2,\"name\":\"Gib mir drei W\u00f6rter und ich geb Dir ein Gedicht!\"}]},{\"@type\":\"WebSite\",\"@id\":\"https:\\\/\\\/instantpoetry.de\\\/#website\",\"url\":\"https:\\\/\\\/instantpoetry.de\\\/\",\"name\":\"Instant Poetry\",\"description\":\"Gedichte auf Knopfdruck.\",\"potentialAction\":[{\"@type\":\"SearchAction\",\"target\":{\"@type\":\"EntryPoint\",\"urlTemplate\":\"https:\\\/\\\/instantpoetry.de\\\/?s={search_term_string}\"},\"query-input\":{\"@type\":\"PropertyValueSpecification\",\"valueRequired\":true,\"valueName\":\"search_term_string\"}}],\"inLanguage\":\"de\"}]}<\/script>\n<!-- \/ Yoast SEO plugin. -->","yoast_head_json":{"title":"Gib mir drei W\u00f6rter und ich geb Dir ein Gedicht! - Instant Poetry","robots":{"index":"index","follow":"follow","max-snippet":"max-snippet:-1","max-image-preview":"max-image-preview:large","max-video-preview":"max-video-preview:-1"},"canonical":"https:\/\/instantpoetry.de\/","og_locale":"de_DE","og_type":"article","og_title":"Gib mir drei W\u00f6rter und ich geb Dir ein Gedicht! - Instant Poetry","og_description":"Instant Poetry &#8211; Gedichte auf Knopfdruck&#8220; &#8211; unter diesem Titel schreibt die K\u00f6lnerin Jil Blume fremden Menschen Gedichte. Dabei entstehen besonders auf ihrer Lieblingsgedichteplattform Tinder [&hellip;]","og_url":"https:\/\/instantpoetry.de\/","og_site_name":"Instant Poetry","article_modified_time":"2021-04-30T13:11:04+00:00","og_image":[{"url":"https:\/\/instantpoetry.de\/wp-content\/uploads\/2020\/05\/Hinterseite.jpg","type":"","width":"","height":""}],"twitter_card":"summary_large_image","schema":{"@context":"https:\/\/schema.org","@graph":[{"@type":"WebPage","@id":"https:\/\/instantpoetry.de\/","url":"https:\/\/instantpoetry.de\/","name":"Gib mir drei W\u00f6rter und ich geb Dir ein Gedicht! - Instant Poetry","isPartOf":{"@id":"https:\/\/instantpoetry.de\/#website"},"primaryImageOfPage":{"@id":"https:\/\/instantpoetry.de\/#primaryimage"},"image":{"@id":"https:\/\/instantpoetry.de\/#primaryimage"},"thumbnailUrl":"https:\/\/instantpoetry.de\/wp-content\/uploads\/2020\/05\/Hinterseite.jpg","datePublished":"2020-05-16T14:25:50+00:00","dateModified":"2021-04-30T13:11:04+00:00","breadcrumb":{"@id":"https:\/\/instantpoetry.de\/#breadcrumb"},"inLanguage":"de","potentialAction":[{"@type":"ReadAction","target":["https:\/\/instantpoetry.de\/"]}]},{"@type":"ImageObject","inLanguage":"de","@id":"https:\/\/instantpoetry.de\/#primaryimage","url":"https:\/\/instantpoetry.de\/wp-content\/uploads\/2020\/05\/Hinterseite.jpg","contentUrl":"https:\/\/instantpoetry.de\/wp-content\/uploads\/2020\/05\/Hinterseite.jpg","width":1786,"height":2518},{"@type":"BreadcrumbList","@id":"https:\/\/instantpoetry.de\/#breadcrumb","itemListElement":[{"@type":"ListItem","position":1,"name":"Home","item":"https:\/\/instantpoetry.de\/"},{"@type":"ListItem","position":2,"name":"Gib mir drei W\u00f6rter und ich geb Dir ein Gedicht!"}]},{"@type":"WebSite","@id":"https:\/\/instantpoetry.de\/#website","url":"https:\/\/instantpoetry.de\/","name":"Instant Poetry","description":"Gedichte auf Knopfdruck.","potentialAction":[{"@type":"SearchAction","target":{"@type":"EntryPoint","urlTemplate":"https:\/\/instantpoetry.de\/?s={search_term_string}"},"query-input":{"@type":"PropertyValueSpecification","valueRequired":true,"valueName":"search_term_string"}}],"inLanguage":"de"}]}},"jetpack_sharing_enabled":true,"_links":{"self":[{"href":"https:\/\/instantpoetry.de\/index.php\/wp-json\/wp\/v2\/pages\/106","targetHints":{"allow":["GET"]}}],"collection":[{"href":"https:\/\/instantpoetry.de\/index.php\/wp-json\/wp\/v2\/pages"}],"about":[{"href":"https:\/\/instantpoetry.de\/index.php\/wp-json\/wp\/v2\/types\/page"}],"author":[{"embeddable":true,"href":"https:\/\/instantpoetry.de\/index.php\/wp-json\/wp\/v2\/users\/1"}],"replies":[{"embeddable":true,"href":"https:\/\/instantpoetry.de\/index.php\/wp-json\/wp\/v2\/comments?post=106"}],"version-history":[{"count":11,"href":"https:\/\/instantpoetry.de\/index.php\/wp-json\/wp\/v2\/pages\/106\/revisions"}],"predecessor-version":[{"id":157,"href":"https:\/\/instantpoetry.de\/index.php\/wp-json\/wp\/v2\/pages\/106\/revisions\/157"}],"wp:attachment":[{"href":"https:\/\/instantpoetry.de\/index.php\/wp-json\/wp\/v2\/media?parent=106"}],"curies":[{"name":"wp","href":"https:\/\/api.w.org\/{rel}","templated":true}]}}